{"id":2,"date":"2023-06-05T11:12:51","date_gmt":"2023-06-05T14:12:51","guid":{"rendered":"http:\/\/piagetbrasil.com\/?page_id=2"},"modified":"2023-06-18T11:40:28","modified_gmt":"2023-06-18T14:40:28","slug":"pagina-exemplo","status":"publish","type":"page","link":"https:\/\/piagetbrasil.com\/","title":{"rendered":"Faculdade Jean Piaget"},"content":{"rendered":"\n<p>A FACULDADE PIAGET surgiu com objetivos centrados na manuten\u00e7\u00e3o de estabelecimentos de ensino em<br>todos os n\u00edveis e modalidades, na oferta de programas de treinamento profissional e participa\u00e7\u00e3o em<br>projetos de cunho sociocultural, al\u00e9m de envolver-se em iniciativas voltadas para a preserva\u00e7\u00e3o<br>ambiental, especialmente da microrregi\u00e3o compreendida pelos munic\u00edpios da Baixada Santista, espa\u00e7os<br>de sua inser\u00e7\u00e3o. <\/p>\n\n\n\n<p>A&nbsp;<strong>Autoavalia\u00e7\u00e3o Institucional<\/strong>&nbsp;\u00e9&nbsp;um processo coletivo de reflex\u00e3o e busca permanente e sistem\u00e1tica pela excel\u00eancia acad\u00eamica.&nbsp;Como ferramentas de diagn\u00f3stico, s\u00e3o utilizados instrumentos de autoavalia\u00e7\u00e3o desenvolvidos pela Comiss\u00e3o Pr\u00f3pria de Avalia\u00e7\u00e3o (CPA) que, anualmente, s\u00e3o aplicados aos alunos, professores, colaboradores e egressos. Estes instrumentos coletam a percep\u00e7\u00e3o dos atores da institui\u00e7\u00e3o e, suas respostas proporcionam um diagn\u00f3stico da faculdade e suas rotinas, pontos fortes e eventuais fragilidades existentes.<\/p>\n\n\n\n<p>Os resultados permitem \u00e0 IES a reflex\u00e3o sobre o cumprimento de seus norteadores estrat\u00e9gicos e das pol\u00edticas institucionais. Al\u00e9m disso, o processo de autoavalia\u00e7\u00e3o da FAQI permite que docentes, discentes e colaboradores apresentem sugest\u00f5es de melhorias, as quais s\u00e3o analisadas para serem inclu\u00eddas no Plano de A\u00e7\u00f5es do ano seguinte.&nbsp;<\/p>\n\n\n\n<p>Os resultados da autoavalia\u00e7\u00e3o s\u00e3o obrigatoriamente apresentados ao Minist\u00e9rio da Educa\u00e7\u00e3o. Portanto, a participa\u00e7\u00e3o de toda comunidade acad\u00eamica na Avalia\u00e7\u00e3o Institucional \u00e9 muito importante, pois ela \u00e9 instrumento determinante para a excel\u00eancia da qualidade da forma\u00e7\u00e3o, da produ\u00e7\u00e3o do conhecimento e da extens\u00e3o.&nbsp;<strong>Participe, d\u00ea sua opini\u00e3o e contribua para a melhoria na sua Institui\u00e7\u00e3o de ensino superior<\/strong>.<\/p>\n\n\n\n<p><strong>Pesquisas realizadas pela CPA<\/strong><\/p>\n\n\n\n<p>Neste espa\u00e7o voc\u00ea ir\u00e1 acompanhar todas as avalia\u00e7\u00f5es realizadas pela <strong>CPA da Faculdade Jean Piaget<\/strong><\/p>\n\n\n\n<p><\/p>\n","protected":false},"excerpt":{"rendered":"<p>A FACULDADE PIAGET surgiu com objetivos centrados na manuten\u00e7\u00e3o de estabelecimentos de ensino emtodos os n\u00edveis e modalidades, na oferta de programas de treinamento profissional e participa\u00e7\u00e3o emprojetos de cunho sociocultural, al\u00e9m de envolver-se em iniciativas voltadas para a preserva\u00e7\u00e3oambiental, especialmente da microrregi\u00e3o compreendida pelos munic\u00edpios da Baixada Santista, espa\u00e7osde [&hellip;]<\/p>\n","protected":false},"author":1,"featured_media":81,"parent":0,"menu_order":0,"comment_status":"closed","ping_status":"open","template":"","meta":{"om_disable_all_campaigns":false,"_monsterinsights_skip_tracking":false,"_monsterinsights_sitenote_active":false,"_monsterinsights_sitenote_note":"","_monsterinsights_sitenote_category":0,"_uf_show_specific_survey":0,"_uf_disable_surveys":false,"footnotes":""},"class_list":["post-2","page","type-page","status-publish","has-post-thumbnail","hentry"],"aioseo_notices":[],"_links":{"self":[{"href":"https:\/\/piagetbrasil.com\/index.php\/wp-json\/wp\/v2\/pages\/2","targetHints":{"allow":["GET"]}}],"collection":[{"href":"https:\/\/piagetbrasil.com\/index.php\/wp-json\/wp\/v2\/pages"}],"about":[{"href":"https:\/\/piagetbrasil.com\/index.php\/wp-json\/wp\/v2\/types\/page"}],"author":[{"embeddable":true,"href":"https:\/\/piagetbrasil.com\/index.php\/wp-json\/wp\/v2\/users\/1"}],"replies":[{"embeddable":true,"href":"https:\/\/piagetbrasil.com\/index.php\/wp-json\/wp\/v2\/comments?post=2"}],"version-history":[{"count":4,"href":"https:\/\/piagetbrasil.com\/index.php\/wp-json\/wp\/v2\/pages\/2\/revisions"}],"predecessor-version":[{"id":103,"href":"https:\/\/piagetbrasil.com\/index.php\/wp-json\/wp\/v2\/pages\/2\/revisions\/103"}],"wp:featuredmedia":[{"embeddable":true,"href":"https:\/\/piagetbrasil.com\/index.php\/wp-json\/wp\/v2\/media\/81"}],"wp:attachment":[{"href":"https:\/\/piagetbrasil.com\/index.php\/wp-json\/wp\/v2\/media?parent=2"}],"curies":[{"name":"wp","href":"https:\/\/api.w.org\/{rel}","templated":true}]}}