{"id":22,"date":"2023-06-18T10:33:50","date_gmt":"2023-06-18T13:33:50","guid":{"rendered":"https:\/\/piagetbrasil.com\/?page_id=22"},"modified":"2023-06-18T11:57:14","modified_gmt":"2023-06-18T14:57:14","slug":"pos-graduacao","status":"publish","type":"page","link":"https:\/\/piagetbrasil.com\/index.php\/pos-graduacao\/","title":{"rendered":"P\u00f3s-Gradua\u00e7\u00e3o"},"content":{"rendered":"\n<p>Em breve voc\u00ea conhecer\u00e1 os cursos de P\u00f3s-Gradua\u00e7\u00e3o da Faculdade Jean Piaget.<\/p>\n","protected":false},"excerpt":{"rendered":"<p>Em breve voc\u00ea conhecer\u00e1 os cursos de P\u00f3s-Gradua\u00e7\u00e3o da Faculdade Jean Piaget.<\/p>\n","protected":false},"author":1,"featured_media":0,"parent":0,"menu_order":0,"comment_status":"closed","ping_status":"closed","template":"","meta":{"om_disable_all_campaigns":false,"_monsterinsights_skip_tracking":false,"_monsterinsights_sitenote_active":false,"_monsterinsights_sitenote_note":"","_monsterinsights_sitenote_category":0,"_uf_show_specific_survey":0,"_uf_disable_surveys":false,"footnotes":""},"class_list":["post-22","page","type-page","status-publish","hentry"],"aioseo_notices":[],"_links":{"self":[{"href":"https:\/\/piagetbrasil.com\/index.php\/wp-json\/wp\/v2\/pages\/22","targetHints":{"allow":["GET"]}}],"collection":[{"href":"https:\/\/piagetbrasil.com\/index.php\/wp-json\/wp\/v2\/pages"}],"about":[{"href":"https:\/\/piagetbrasil.com\/index.php\/wp-json\/wp\/v2\/types\/page"}],"author":[{"embeddable":true,"href":"https:\/\/piagetbrasil.com\/index.php\/wp-json\/wp\/v2\/users\/1"}],"replies":[{"embeddable":true,"href":"https:\/\/piagetbrasil.com\/index.php\/wp-json\/wp\/v2\/comments?post=22"}],"version-history":[{"count":2,"href":"https:\/\/piagetbrasil.com\/index.php\/wp-json\/wp\/v2\/pages\/22\/revisions"}],"predecessor-version":[{"id":115,"href":"https:\/\/piagetbrasil.com\/index.php\/wp-json\/wp\/v2\/pages\/22\/revisions\/115"}],"wp:attachment":[{"href":"https:\/\/piagetbrasil.com\/index.php\/wp-json\/wp\/v2\/media?parent=22"}],"curies":[{"name":"wp","href":"https:\/\/api.w.org\/{rel}","templated":true}]}}