{"id":25,"date":"2023-06-18T10:33:50","date_gmt":"2023-06-18T13:33:50","guid":{"rendered":"https:\/\/piagetbrasil.com\/?page_id=25"},"modified":"2023-06-18T11:52:25","modified_gmt":"2023-06-18T14:52:25","slug":"lingua-portuguesa","status":"publish","type":"page","link":"https:\/\/piagetbrasil.com\/index.php\/lingua-portuguesa\/","title":{"rendered":"Lingua Portuguesa"},"content":{"rendered":"\n<p>O curso de\u00a0<strong>nivelamento<\/strong>\u00a0em L\u00edngua\u00a0<strong>Portuguesa<\/strong>\u00a0tem como objetivo, relembrar conte\u00fados e regras estudadas no ensino fundamental (conceitos te\u00f3ricos) e no ensino m\u00e9dio (an\u00e1lises contextualizadoras), para que o aluno de EAD possa aprimorar ainda mais suas an\u00e1lises de quest\u00f5es e processos de escrita.<\/p>\n","protected":false},"excerpt":{"rendered":"<p>O curso de\u00a0nivelamento\u00a0em L\u00edngua\u00a0Portuguesa\u00a0tem como objetivo, relembrar conte\u00fados e regras estudadas no ensino fundamental (conceitos te\u00f3ricos) e no ensino m\u00e9dio (an\u00e1lises contextualizadoras), para que o aluno de EAD possa aprimorar ainda mais suas an\u00e1lises de quest\u00f5es e processos de escrita.<\/p>\n","protected":false},"author":1,"featured_media":0,"parent":0,"menu_order":0,"comment_status":"closed","ping_status":"closed","template":"","meta":{"om_disable_all_campaigns":false,"_monsterinsights_skip_tracking":false,"_monsterinsights_sitenote_active":false,"_monsterinsights_sitenote_note":"","_monsterinsights_sitenote_category":0,"_uf_show_specific_survey":0,"_uf_disable_surveys":false,"footnotes":""},"class_list":["post-25","page","type-page","status-publish","hentry"],"aioseo_notices":[],"_links":{"self":[{"href":"https:\/\/piagetbrasil.com\/index.php\/wp-json\/wp\/v2\/pages\/25","targetHints":{"allow":["GET"]}}],"collection":[{"href":"https:\/\/piagetbrasil.com\/index.php\/wp-json\/wp\/v2\/pages"}],"about":[{"href":"https:\/\/piagetbrasil.com\/index.php\/wp-json\/wp\/v2\/types\/page"}],"author":[{"embeddable":true,"href":"https:\/\/piagetbrasil.com\/index.php\/wp-json\/wp\/v2\/users\/1"}],"replies":[{"embeddable":true,"href":"https:\/\/piagetbrasil.com\/index.php\/wp-json\/wp\/v2\/comments?post=25"}],"version-history":[{"count":2,"href":"https:\/\/piagetbrasil.com\/index.php\/wp-json\/wp\/v2\/pages\/25\/revisions"}],"predecessor-version":[{"id":110,"href":"https:\/\/piagetbrasil.com\/index.php\/wp-json\/wp\/v2\/pages\/25\/revisions\/110"}],"wp:attachment":[{"href":"https:\/\/piagetbrasil.com\/index.php\/wp-json\/wp\/v2\/media?parent=25"}],"curies":[{"name":"wp","href":"https:\/\/api.w.org\/{rel}","templated":true}]}}