{"id":26,"date":"2023-06-18T10:33:50","date_gmt":"2023-06-18T13:33:50","guid":{"rendered":"https:\/\/piagetbrasil.com\/?page_id=26"},"modified":"2023-06-18T11:50:36","modified_gmt":"2023-06-18T14:50:36","slug":"matematica","status":"publish","type":"page","link":"https:\/\/piagetbrasil.com\/index.php\/matematica\/","title":{"rendered":"Matem\u00e1tica"},"content":{"rendered":"\n<p>A metodologia do\u00a0<strong>nivelamento de matem\u00e1tica<\/strong>\u00a0busca relacionar teoria e pr\u00e1tica, objetivando o combate \u00e0s dificuldades b\u00e1sicas em situa\u00e7\u00f5es pragm\u00e1ticas e acad\u00eamicas, possibilitando resgatar compet\u00eancias e habilidades essenciais n\u00e3o atendidas pelo Ensino M\u00e9dio.<\/p>\n","protected":false},"excerpt":{"rendered":"<p>A metodologia do\u00a0nivelamento de matem\u00e1tica\u00a0busca relacionar teoria e pr\u00e1tica, objetivando o combate \u00e0s dificuldades b\u00e1sicas em situa\u00e7\u00f5es pragm\u00e1ticas e acad\u00eamicas, possibilitando resgatar compet\u00eancias e habilidades essenciais n\u00e3o atendidas pelo Ensino M\u00e9dio.<\/p>\n","protected":false},"author":1,"featured_media":0,"parent":0,"menu_order":0,"comment_status":"closed","ping_status":"closed","template":"","meta":{"om_disable_all_campaigns":false,"_monsterinsights_skip_tracking":false,"_monsterinsights_sitenote_active":false,"_monsterinsights_sitenote_note":"","_monsterinsights_sitenote_category":0,"_uf_show_specific_survey":0,"_uf_disable_surveys":false,"footnotes":""},"class_list":["post-26","page","type-page","status-publish","hentry"],"aioseo_notices":[],"_links":{"self":[{"href":"https:\/\/piagetbrasil.com\/index.php\/wp-json\/wp\/v2\/pages\/26","targetHints":{"allow":["GET"]}}],"collection":[{"href":"https:\/\/piagetbrasil.com\/index.php\/wp-json\/wp\/v2\/pages"}],"about":[{"href":"https:\/\/piagetbrasil.com\/index.php\/wp-json\/wp\/v2\/types\/page"}],"author":[{"embeddable":true,"href":"https:\/\/piagetbrasil.com\/index.php\/wp-json\/wp\/v2\/users\/1"}],"replies":[{"embeddable":true,"href":"https:\/\/piagetbrasil.com\/index.php\/wp-json\/wp\/v2\/comments?post=26"}],"version-history":[{"count":2,"href":"https:\/\/piagetbrasil.com\/index.php\/wp-json\/wp\/v2\/pages\/26\/revisions"}],"predecessor-version":[{"id":109,"href":"https:\/\/piagetbrasil.com\/index.php\/wp-json\/wp\/v2\/pages\/26\/revisions\/109"}],"wp:attachment":[{"href":"https:\/\/piagetbrasil.com\/index.php\/wp-json\/wp\/v2\/media?parent=26"}],"curies":[{"name":"wp","href":"https:\/\/api.w.org\/{rel}","templated":true}]}}