{"id":27,"date":"2023-06-18T10:33:50","date_gmt":"2023-06-18T13:33:50","guid":{"rendered":"https:\/\/piagetbrasil.com\/?page_id=27"},"modified":"2023-06-18T11:56:25","modified_gmt":"2023-06-18T14:56:25","slug":"informatica","status":"publish","type":"page","link":"https:\/\/piagetbrasil.com\/index.php\/informatica\/","title":{"rendered":"Inform\u00e1tica"},"content":{"rendered":"\n<p>Oportunizar ao acad\u00eamico no\u00e7\u00f5es e conceitos b\u00e1sicos em inform\u00e1tica, bem como proporcionar o desenvolvimento de habilidades para a utiliza\u00e7\u00e3o de\u00a0<em>softwares.<\/em><\/p>\n","protected":false},"excerpt":{"rendered":"<p>Oportunizar ao acad\u00eamico no\u00e7\u00f5es e conceitos b\u00e1sicos em inform\u00e1tica, bem como proporcionar o desenvolvimento de habilidades para a utiliza\u00e7\u00e3o de\u00a0softwares.<\/p>\n","protected":false},"author":1,"featured_media":0,"parent":0,"menu_order":0,"comment_status":"closed","ping_status":"closed","template":"","meta":{"om_disable_all_campaigns":false,"_monsterinsights_skip_tracking":false,"_monsterinsights_sitenote_active":false,"_monsterinsights_sitenote_note":"","_monsterinsights_sitenote_category":0,"_uf_show_specific_survey":0,"_uf_disable_surveys":false,"footnotes":""},"class_list":["post-27","page","type-page","status-publish","hentry"],"aioseo_notices":[],"_links":{"self":[{"href":"https:\/\/piagetbrasil.com\/index.php\/wp-json\/wp\/v2\/pages\/27","targetHints":{"allow":["GET"]}}],"collection":[{"href":"https:\/\/piagetbrasil.com\/index.php\/wp-json\/wp\/v2\/pages"}],"about":[{"href":"https:\/\/piagetbrasil.com\/index.php\/wp-json\/wp\/v2\/types\/page"}],"author":[{"embeddable":true,"href":"https:\/\/piagetbrasil.com\/index.php\/wp-json\/wp\/v2\/users\/1"}],"replies":[{"embeddable":true,"href":"https:\/\/piagetbrasil.com\/index.php\/wp-json\/wp\/v2\/comments?post=27"}],"version-history":[{"count":2,"href":"https:\/\/piagetbrasil.com\/index.php\/wp-json\/wp\/v2\/pages\/27\/revisions"}],"predecessor-version":[{"id":114,"href":"https:\/\/piagetbrasil.com\/index.php\/wp-json\/wp\/v2\/pages\/27\/revisions\/114"}],"wp:attachment":[{"href":"https:\/\/piagetbrasil.com\/index.php\/wp-json\/wp\/v2\/media?parent=27"}],"curies":[{"name":"wp","href":"https:\/\/api.w.org\/{rel}","templated":true}]}}