{"id":30,"date":"2023-06-18T10:33:50","date_gmt":"2023-06-18T13:33:50","guid":{"rendered":"https:\/\/piagetbrasil.com\/?page_id=30"},"modified":"2023-06-18T11:44:52","modified_gmt":"2023-06-18T14:44:52","slug":"biblioteca","status":"publish","type":"page","link":"https:\/\/piagetbrasil.com\/index.php\/biblioteca\/","title":{"rendered":"Biblioteca"},"content":{"rendered":"\n<p>Um amplo acervo composto por materiais  eletr\u00f4nicos (online) voltado para os acad\u00eamicos da Faculdade Jean Piaget e para a comunidade em geral. Na Biblioteca voc\u00ea pode encontrar:<\/p>\n\n\n\n<p><strong>Refer\u00eancia \u2013&nbsp;<\/strong>Dicion\u00e1rios, enciclop\u00e9dias, guias, bibliografias gerais e especializadas, almanaques, peri\u00f3dicos e outros.<\/p>\n\n\n\n<p><strong>Bibliografia B\u00e1sica \u2013&nbsp;<\/strong>Livros, e-books, obras fundamentais e t\u00edtulos b\u00e1sicos obrigat\u00f3rios das disciplinas dos cursos ofertados.&nbsp;<\/p>\n\n\n\n<p><strong>Bibliografia Complementar \u2013&nbsp;<\/strong>Livros, e-books e obras indicadas pelos professores como leitura complementar em suas disciplinas.&nbsp;<\/p>\n\n\n\n<p><strong>Peri\u00f3dicos \u2013&nbsp;<\/strong>T\u00edtulos especializados nas \u00e1reas de abrang\u00eancia dos cursos da Institui\u00e7\u00e3o e de atualidades.&nbsp;<\/p>\n\n\n\n<p><strong>Lastro \u2013&nbsp;<\/strong>Obras consideradas cl\u00e1ssicas ou consagradas dentro das \u00e1reas de abrang\u00eancia da Biblioteca.&nbsp;<\/p>\n\n\n\n<p><strong>Literatura corrente \u2013&nbsp;<\/strong>Livros, e-books, peri\u00f3dicos e outros materiais que atualizam a cole\u00e7\u00e3o.<\/p>\n\n\n\n<p><strong>Trabalhos Acad\u00eamicos \u2013&nbsp;<\/strong>Trabalhos produzidos pelos estudantes da Institui\u00e7\u00e3o.&nbsp;<\/p>\n","protected":false},"excerpt":{"rendered":"<p>Um amplo acervo composto por materiais eletr\u00f4nicos (online) voltado para os acad\u00eamicos da Faculdade Jean Piaget e para a comunidade em geral. Na Biblioteca voc\u00ea pode encontrar: Refer\u00eancia \u2013&nbsp;Dicion\u00e1rios, enciclop\u00e9dias, guias, bibliografias gerais e especializadas, almanaques, peri\u00f3dicos e outros. Bibliografia B\u00e1sica \u2013&nbsp;Livros, e-books, obras fundamentais e t\u00edtulos b\u00e1sicos obrigat\u00f3rios das [&hellip;]<\/p>\n","protected":false},"author":1,"featured_media":0,"parent":0,"menu_order":0,"comment_status":"closed","ping_status":"closed","template":"","meta":{"om_disable_all_campaigns":false,"_monsterinsights_skip_tracking":false,"_monsterinsights_sitenote_active":false,"_monsterinsights_sitenote_note":"","_monsterinsights_sitenote_category":0,"_uf_show_specific_survey":0,"_uf_disable_surveys":false,"footnotes":""},"class_list":["post-30","page","type-page","status-publish","hentry"],"aioseo_notices":[],"_links":{"self":[{"href":"https:\/\/piagetbrasil.com\/index.php\/wp-json\/wp\/v2\/pages\/30","targetHints":{"allow":["GET"]}}],"collection":[{"href":"https:\/\/piagetbrasil.com\/index.php\/wp-json\/wp\/v2\/pages"}],"about":[{"href":"https:\/\/piagetbrasil.com\/index.php\/wp-json\/wp\/v2\/types\/page"}],"author":[{"embeddable":true,"href":"https:\/\/piagetbrasil.com\/index.php\/wp-json\/wp\/v2\/users\/1"}],"replies":[{"embeddable":true,"href":"https:\/\/piagetbrasil.com\/index.php\/wp-json\/wp\/v2\/comments?post=30"}],"version-history":[{"count":2,"href":"https:\/\/piagetbrasil.com\/index.php\/wp-json\/wp\/v2\/pages\/30\/revisions"}],"predecessor-version":[{"id":106,"href":"https:\/\/piagetbrasil.com\/index.php\/wp-json\/wp\/v2\/pages\/30\/revisions\/106"}],"wp:attachment":[{"href":"https:\/\/piagetbrasil.com\/index.php\/wp-json\/wp\/v2\/media?parent=30"}],"curies":[{"name":"wp","href":"https:\/\/api.w.org\/{rel}","templated":true}]}}