{"id":31,"date":"2023-06-18T10:33:50","date_gmt":"2023-06-18T13:33:50","guid":{"rendered":"https:\/\/piagetbrasil.com\/?page_id=31"},"modified":"2023-06-18T11:48:49","modified_gmt":"2023-06-18T14:48:49","slug":"secretaria-academica","status":"publish","type":"page","link":"https:\/\/piagetbrasil.com\/index.php\/secretaria-academica\/","title":{"rendered":"Secretaria acad\u00eamica"},"content":{"rendered":"\n<p>Formas de Acesso<br>O ingresso como aluno regular aos cursos de gradua\u00e7\u00e3o da FACULDADE PIAGET dar-se-\u00e1 mediante processo seletivo, aberto a candidatos que tenham conclu\u00eddo o ensino m\u00e9dio ou estudos equivalentes.<br>Destina-se a avaliar a forma\u00e7\u00e3o b\u00e1sica legal e classificar os candidatos dentro do limite de vagas  oferecidas para o curso de sua op\u00e7\u00e3o. Para efeito de classifica\u00e7\u00e3o, aproveita-se o resultado do Enem quando o candidato manifestar interesse em faz\u00ea-lo, nos termos do edital de convoca\u00e7\u00e3o.<br>Realizado, anualmente, pela pr\u00f3pria FACULDADE PIAGET ou em conv\u00eanio com institui\u00e7\u00f5es cong\u00eaneres, o<br>processo seletivo obedece a crit\u00e9rios pr\u00f3prios fixados e divulgados em edital. <\/p>\n\n\n\n<p>Nele devem constar os cursos oferecidos com as respectivas vagas, prazos de inscri\u00e7\u00e3o, documenta\u00e7\u00e3o exigida para inscri\u00e7\u00e3o, crit\u00e9rios de classifica\u00e7\u00e3o e desempate e outras informa\u00e7\u00f5es \u00fateis. N\u00e3o ocorrendo o preenchimento das vagas iniciais, novo processo seletivo poder\u00e1 ser realizado, como assegura a legisla\u00e7\u00e3o em vigor.<\/p>\n","protected":false},"excerpt":{"rendered":"<p>Formas de AcessoO ingresso como aluno regular aos cursos de gradua\u00e7\u00e3o da FACULDADE PIAGET dar-se-\u00e1 mediante processo seletivo, aberto a candidatos que tenham conclu\u00eddo o ensino m\u00e9dio ou estudos equivalentes.Destina-se a avaliar a forma\u00e7\u00e3o b\u00e1sica legal e classificar os candidatos dentro do limite de vagas oferecidas para o curso de [&hellip;]<\/p>\n","protected":false},"author":1,"featured_media":0,"parent":0,"menu_order":0,"comment_status":"closed","ping_status":"closed","template":"","meta":{"om_disable_all_campaigns":false,"_monsterinsights_skip_tracking":false,"_monsterinsights_sitenote_active":false,"_monsterinsights_sitenote_note":"","_monsterinsights_sitenote_category":0,"_uf_show_specific_survey":0,"_uf_disable_surveys":false,"footnotes":""},"class_list":["post-31","page","type-page","status-publish","hentry"],"aioseo_notices":[],"_links":{"self":[{"href":"https:\/\/piagetbrasil.com\/index.php\/wp-json\/wp\/v2\/pages\/31","targetHints":{"allow":["GET"]}}],"collection":[{"href":"https:\/\/piagetbrasil.com\/index.php\/wp-json\/wp\/v2\/pages"}],"about":[{"href":"https:\/\/piagetbrasil.com\/index.php\/wp-json\/wp\/v2\/types\/page"}],"author":[{"embeddable":true,"href":"https:\/\/piagetbrasil.com\/index.php\/wp-json\/wp\/v2\/users\/1"}],"replies":[{"embeddable":true,"href":"https:\/\/piagetbrasil.com\/index.php\/wp-json\/wp\/v2\/comments?post=31"}],"version-history":[{"count":3,"href":"https:\/\/piagetbrasil.com\/index.php\/wp-json\/wp\/v2\/pages\/31\/revisions"}],"predecessor-version":[{"id":108,"href":"https:\/\/piagetbrasil.com\/index.php\/wp-json\/wp\/v2\/pages\/31\/revisions\/108"}],"wp:attachment":[{"href":"https:\/\/piagetbrasil.com\/index.php\/wp-json\/wp\/v2\/media?parent=31"}],"curies":[{"name":"wp","href":"https:\/\/api.w.org\/{rel}","templated":true}]}}