{"id":32,"date":"2023-06-18T10:33:50","date_gmt":"2023-06-18T13:33:50","guid":{"rendered":"https:\/\/piagetbrasil.com\/?page_id=32"},"modified":"2023-06-18T11:53:47","modified_gmt":"2023-06-18T14:53:47","slug":"ouvidoria","status":"publish","type":"page","link":"https:\/\/piagetbrasil.com\/index.php\/ouvidoria\/","title":{"rendered":"Ouvidoria"},"content":{"rendered":"\n<p>Seja para fazer uma solicita\u00e7\u00e3o, contribuir com uma sugest\u00e3o, formalizar uma reclama\u00e7\u00e3o de algo que n\u00e3o saiu conforme o esperado ou deixar um elogio pelo nosso trabalho, estamos aqui para ouvir voc\u00ea!<\/p>\n\n\n\n<p>contate-nos <a href=\"mailto:ouvidoria@piagetbrasil.com\" title=\"\">ouvidoria@piagetbrasil.com<\/a><\/p>\n","protected":false},"excerpt":{"rendered":"<p>Seja para fazer uma solicita\u00e7\u00e3o, contribuir com uma sugest\u00e3o, formalizar uma reclama\u00e7\u00e3o de algo que n\u00e3o saiu conforme o esperado ou deixar um elogio pelo nosso trabalho, estamos aqui para ouvir voc\u00ea! contate-nos ouvidoria@piagetbrasil.com<\/p>\n","protected":false},"author":1,"featured_media":0,"parent":0,"menu_order":0,"comment_status":"closed","ping_status":"closed","template":"","meta":{"om_disable_all_campaigns":false,"_monsterinsights_skip_tracking":false,"_monsterinsights_sitenote_active":false,"_monsterinsights_sitenote_note":"","_monsterinsights_sitenote_category":0,"_uf_show_specific_survey":0,"_uf_disable_surveys":false,"footnotes":""},"class_list":["post-32","page","type-page","status-publish","hentry"],"aioseo_notices":[],"_links":{"self":[{"href":"https:\/\/piagetbrasil.com\/index.php\/wp-json\/wp\/v2\/pages\/32","targetHints":{"allow":["GET"]}}],"collection":[{"href":"https:\/\/piagetbrasil.com\/index.php\/wp-json\/wp\/v2\/pages"}],"about":[{"href":"https:\/\/piagetbrasil.com\/index.php\/wp-json\/wp\/v2\/types\/page"}],"author":[{"embeddable":true,"href":"https:\/\/piagetbrasil.com\/index.php\/wp-json\/wp\/v2\/users\/1"}],"replies":[{"embeddable":true,"href":"https:\/\/piagetbrasil.com\/index.php\/wp-json\/wp\/v2\/comments?post=32"}],"version-history":[{"count":3,"href":"https:\/\/piagetbrasil.com\/index.php\/wp-json\/wp\/v2\/pages\/32\/revisions"}],"predecessor-version":[{"id":113,"href":"https:\/\/piagetbrasil.com\/index.php\/wp-json\/wp\/v2\/pages\/32\/revisions\/113"}],"wp:attachment":[{"href":"https:\/\/piagetbrasil.com\/index.php\/wp-json\/wp\/v2\/media?parent=32"}],"curies":[{"name":"wp","href":"https:\/\/api.w.org\/{rel}","templated":true}]}}